{"id":49,"date":"2020-05-26T14:47:39","date_gmt":"2020-05-26T14:47:39","guid":{"rendered":"http:\/\/pepeh.com.br\/?page_id=49"},"modified":"2020-05-28T16:44:10","modified_gmt":"2020-05-28T16:44:10","slug":"marinha-mercante","status":"publish","type":"page","link":"https:\/\/pepeh.com.br\/index.php\/marinha-mercante\/","title":{"rendered":"Marinha Mercante"},"content":{"rendered":"<ul class=\"wp-block-latest-posts__list is-grid columns-3 wp-block-latest-posts\"><li><a class=\"wp-block-latest-posts__post-title\" href=\"https:\/\/pepeh.com.br\/index.php\/2026\/01\/21\/lembrancas\/\">LEMBRAN\u00c7AS<\/a><div class=\"wp-block-latest-posts__post-excerpt\">Mano Percio Repasso email da mana Ivanize sobre a data natalicia do nosso father velho&hellip; <br> <a class=\"read-more\" href=\"https:\/\/pepeh.com.br\/index.php\/2026\/01\/21\/lembrancas\/\">Read more<\/a><\/div><\/li>\n<li><a class=\"wp-block-latest-posts__post-title\" href=\"https:\/\/pepeh.com.br\/index.php\/2026\/01\/21\/importantes-textos\/\">IMPORTANTES TEXTOS<\/a><div class=\"wp-block-latest-posts__post-excerpt\">&#8220;Ainda que a figueira n\u00e3o flores\u00e7a, nem haja fruto na vide e os campos\u00a0n\u00e3o produzam&hellip; <br> <a class=\"read-more\" href=\"https:\/\/pepeh.com.br\/index.php\/2026\/01\/21\/importantes-textos\/\">Read more<\/a><\/div><\/li>\n<li><a class=\"wp-block-latest-posts__post-title\" href=\"https:\/\/pepeh.com.br\/index.php\/2026\/01\/03\/corrida-de-sao-silvestre-100-anos-31-12-2025\/\">Corrida de S\u00e3o Silvestre &#8211; 100 anos &#8211; 31\/12\/2025<\/a><div class=\"wp-block-latest-posts__post-excerpt\">N\u00e3o consegu\u00ed a inscri\u00e7\u00e3o, mas meu filho Kennedy conseguiu e repassou para mim, com o&hellip; <br> <a class=\"read-more\" href=\"https:\/\/pepeh.com.br\/index.php\/2026\/01\/03\/corrida-de-sao-silvestre-100-anos-31-12-2025\/\">Read more<\/a><\/div><\/li>\n<li><a class=\"wp-block-latest-posts__post-title\" href=\"https:\/\/pepeh.com.br\/index.php\/2025\/08\/24\/corrida-no-circuito-casimiro-de-abreu-csmr-x-varjao-x-rio-sao-joao-x-laranjal-x-ribeirao-x-csmr-de-36-k-em-24-08-2025\/\">Corrida no circuito Casimiro de Abreu (CSMR) x Varj\u00e3o x Rio S\u00e3o Jo\u00e3o x Laranjal x Ribeir\u00e3o x CSMR de 36 K em 24\/08\/2025.<\/a><div class=\"wp-block-latest-posts__post-excerpt\">Na corrida anterior de 36K, no sentido anti-horario, a meta era completar o circuito supondo&hellip; <br> <a class=\"read-more\" href=\"https:\/\/pepeh.com.br\/index.php\/2025\/08\/24\/corrida-no-circuito-casimiro-de-abreu-csmr-x-varjao-x-rio-sao-joao-x-laranjal-x-ribeirao-x-csmr-de-36-k-em-24-08-2025\/\">Read more<\/a><\/div><\/li>\n<li><a class=\"wp-block-latest-posts__post-title\" href=\"https:\/\/pepeh.com.br\/index.php\/2025\/08\/18\/calculo-de-azimute-do-planeta-venus\/\">C\u00c1LCULO DE AZIMUTE DO PLANETA V\u00caNUS<\/a><div class=\"wp-block-latest-posts__post-excerpt\">Neste post mostro como calcular o Azimute do Plan\u00eata V\u00eanus, realizado a bordo de um&hellip; <br> <a class=\"read-more\" href=\"https:\/\/pepeh.com.br\/index.php\/2025\/08\/18\/calculo-de-azimute-do-planeta-venus\/\">Read more<\/a><\/div><\/li>\n<\/ul>","protected":false},"excerpt":{"rendered":"","protected":false},"author":1,"featured_media":0,"parent":0,"menu_order":0,"comment_status":"closed","ping_status":"closed","template":"","meta":{"footnotes":""},"_links":{"self":[{"href":"https:\/\/pepeh.com.br\/index.php\/wp-json\/wp\/v2\/pages\/49"}],"collection":[{"href":"https:\/\/pepeh.com.br\/index.php\/wp-json\/wp\/v2\/pages"}],"about":[{"href":"https:\/\/pepeh.com.br\/index.php\/wp-json\/wp\/v2\/types\/page"}],"author":[{"embeddable":true,"href":"https:\/\/pepeh.com.br\/index.php\/wp-json\/wp\/v2\/users\/1"}],"replies":[{"embeddable":true,"href":"https:\/\/pepeh.com.br\/index.php\/wp-json\/wp\/v2\/comments?post=49"}],"version-history":[{"count":2,"href":"https:\/\/pepeh.com.br\/index.php\/wp-json\/wp\/v2\/pages\/49\/revisions"}],"predecessor-version":[{"id":120,"href":"https:\/\/pepeh.com.br\/index.php\/wp-json\/wp\/v2\/pages\/49\/revisions\/120"}],"wp:attachment":[{"href":"https:\/\/pepeh.com.br\/index.php\/wp-json\/wp\/v2\/media?parent=49"}],"curies":[{"name":"wp","href":"https:\/\/api.w.org\/{rel}","templated":true}]}}