{"id":5,"date":"2020-05-13T14:31:00","date_gmt":"2020-05-13T14:31:00","guid":{"rendered":"http:\/\/pepeh.com.br\/?page_id=5"},"modified":"2020-05-25T19:26:52","modified_gmt":"2020-05-25T19:26:52","slug":"energia-solar","status":"publish","type":"page","link":"https:\/\/pepeh.com.br\/index.php\/energia-solar\/","title":{"rendered":"Energia Solar"},"content":{"rendered":"<ul class=\"wp-block-latest-posts__list is-grid columns-3 wp-block-latest-posts\"><li><div class=\"wp-block-latest-posts__featured-image\"><img loading=\"lazy\" decoding=\"async\" width=\"150\" height=\"150\" src=\"https:\/\/pepeh.com.br\/wp-content\/uploads\/2021\/08\/No-telhado3-1-150x150.jpg\" class=\"attachment-thumbnail size-thumbnail wp-post-image\" alt=\"\" style=\"\" srcset=\"https:\/\/pepeh.com.br\/wp-content\/uploads\/2021\/08\/No-telhado3-1-150x150.jpg 150w, https:\/\/pepeh.com.br\/wp-content\/uploads\/2021\/08\/No-telhado3-1-298x300.jpg 298w, https:\/\/pepeh.com.br\/wp-content\/uploads\/2021\/08\/No-telhado3-1-165x165.jpg 165w, https:\/\/pepeh.com.br\/wp-content\/uploads\/2021\/08\/No-telhado3-1.jpg 658w\" sizes=\"(max-width: 150px) 100vw, 150px\" \/><\/div><a class=\"wp-block-latest-posts__post-title\" href=\"https:\/\/pepeh.com.br\/index.php\/2021\/08\/27\/instalacao-de-sistema-de-energia-solar-em-cubango-niteroi\/\">Instala\u00e7\u00e3o de Sistema de Energia Solar em Cubango &#8211; Niter\u00f3i \/ Energy Solar System installation in Cubango &#8211; Niter\u00f3i.<\/a><div class=\"wp-block-latest-posts__post-excerpt\">Nos dias 26 e 27 de agosto de 2021 participei, com seu Francisco da complementa\u00e7\u00e3o&hellip; <br> <a class=\"read-more\" href=\"https:\/\/pepeh.com.br\/index.php\/2021\/08\/27\/instalacao-de-sistema-de-energia-solar-em-cubango-niteroi\/\">Read more<\/a><\/div><\/li>\n<li><div class=\"wp-block-latest-posts__featured-image\"><img loading=\"lazy\" decoding=\"async\" width=\"150\" height=\"150\" src=\"https:\/\/pepeh.com.br\/wp-content\/uploads\/2020\/05\/Sem-T\u00edtulo-1-150x150.jpg\" class=\"attachment-thumbnail size-thumbnail wp-post-image\" alt=\"\" style=\"\" srcset=\"https:\/\/pepeh.com.br\/wp-content\/uploads\/2020\/05\/Sem-T\u00edtulo-1-150x150.jpg 150w, https:\/\/pepeh.com.br\/wp-content\/uploads\/2020\/05\/Sem-T\u00edtulo-1-165x165.jpg 165w\" sizes=\"(max-width: 150px) 100vw, 150px\" \/><\/div><a class=\"wp-block-latest-posts__post-title\" href=\"https:\/\/pepeh.com.br\/index.php\/2020\/05\/13\/imovel-com-energia-solar-pode-valorizar-de-3-a-6\/\">Im\u00f3vel com energia solar pode valorizar de 3% a 6%<\/a><div class=\"wp-block-latest-posts__post-excerpt\">Estudo foi feito pelo Laborat\u00f3rio Nacional Lawrence Berkeley, na Calif\u00f3rnia, EUA Apesar de o mercado&hellip; <br> <a class=\"read-more\" href=\"https:\/\/pepeh.com.br\/index.php\/2020\/05\/13\/imovel-com-energia-solar-pode-valorizar-de-3-a-6\/\">Read more<\/a><\/div><\/li>\n<\/ul>","protected":false},"excerpt":{"rendered":"","protected":false},"author":1,"featured_media":0,"parent":0,"menu_order":0,"comment_status":"closed","ping_status":"closed","template":"","meta":{"footnotes":""},"_links":{"self":[{"href":"https:\/\/pepeh.com.br\/index.php\/wp-json\/wp\/v2\/pages\/5"}],"collection":[{"href":"https:\/\/pepeh.com.br\/index.php\/wp-json\/wp\/v2\/pages"}],"about":[{"href":"https:\/\/pepeh.com.br\/index.php\/wp-json\/wp\/v2\/types\/page"}],"author":[{"embeddable":true,"href":"https:\/\/pepeh.com.br\/index.php\/wp-json\/wp\/v2\/users\/1"}],"replies":[{"embeddable":true,"href":"https:\/\/pepeh.com.br\/index.php\/wp-json\/wp\/v2\/comments?post=5"}],"version-history":[{"count":4,"href":"https:\/\/pepeh.com.br\/index.php\/wp-json\/wp\/v2\/pages\/5\/revisions"}],"predecessor-version":[{"id":48,"href":"https:\/\/pepeh.com.br\/index.php\/wp-json\/wp\/v2\/pages\/5\/revisions\/48"}],"wp:attachment":[{"href":"https:\/\/pepeh.com.br\/index.php\/wp-json\/wp\/v2\/media?parent=5"}],"curies":[{"name":"wp","href":"https:\/\/api.w.org\/{rel}","templated":true}]}}