{"id":530,"date":"2021-09-07T23:03:16","date_gmt":"2021-09-07T23:03:16","guid":{"rendered":"https:\/\/pepeh.com.br\/?page_id=530"},"modified":"2021-09-08T18:42:15","modified_gmt":"2021-09-08T18:42:15","slug":"elementor-530","status":"publish","type":"page","link":"https:\/\/pepeh.com.br\/","title":{"rendered":"HOMEPAGE"},"content":{"rendered":"\n<h3 class=\"wp-block-heading\">\u00daltimas Postagens<\/h3>\n\n\n<div class=\"lps-block-preview\"><div class=\"lps-placeholder\">The shortcode found no results. If you provided a fallback message that will be shown on the front-end.<\/div><\/div>\n\n<div class=\"lps-block-preview\"><div class=\"lps-placeholder\">The shortcode found no results. If you provided a fallback message that will be shown on the front-end.<\/div><\/div>\n\n<div class=\"lps-block-preview\"><div class=\"lps-placeholder\">The shortcode found no results. If you provided a fallback message that will be shown on the front-end.<\/div><\/div>\n\n<div class=\"lps-block-preview\"><section class=\"latest-post-selection four-columns align-left as-overlay tall dark hover-zoom\" id=\"lps-759c5375c3842b57788f570d54f94729\" style=\"\"><article class=\"post-1717 post type-post status-publish format-standard hentry category-marinha-mercante category-pepehsailboat category-uncategorized category-veleiros tag-azimute tag-formula-dos-5-elementos tag-nories-nautical-tables tag-star-finder tag-trigonometria-esferica tag-venus has-link\" style=\"background-image:url('')\"><div class=\"lps-ontopof-overlay\"><a href=\"https:\/\/pepeh.com.br\/index.php\/2025\/08\/18\/calculo-de-azimute-do-planeta-venus\/\" class=\"main-link read-more-wrap\" title=\"C\u00c1LCULO DE AZIMUTE DO PLANETA V\u00caNUS\"><b class=\"item-title-tag\">C\u00c1LCULO DE AZIMUTE DO PLANETA V\u00caNUS<\/b> <\/a><\/div><\/article><article class=\"post-1142 post type-post status-publish format-standard hentry category-marinha-mercante category-viagem-e-turismo has-link\" style=\"background-image:url('')\"><div class=\"lps-ontopof-overlay\"><a href=\"https:\/\/pepeh.com.br\/index.php\/2024\/04\/06\/tour-em-manaus-am\/\" class=\"main-link read-more-wrap\" title=\"TOUR EM MANAUS - AM\"><b class=\"item-title-tag\">TOUR EM MANAUS &#8211; AM<\/b> <\/a><\/div><\/article><article class=\"post-1113 post type-post status-publish format-standard has-post-thumbnail hentry category-marinha-mercante category-uncategorized category-viagem-e-turismo has-link\" style=\"background-image:url('https:\/\/pepeh.com.br\/wp-content\/uploads\/2024\/04\/IMG_0331-150x150.jpg')\"><div class=\"lps-ontopof-overlay\"><a href=\"https:\/\/pepeh.com.br\/index.php\/2024\/03\/16\/1113\/\" class=\"main-link read-more-wrap\" title=\"SEGUNDO EMBARQUE NO NT JOSE AIUB\"><b class=\"item-title-tag\">SEGUNDO EMBARQUE NO NT JOSE AIUB<\/b> <\/a><\/div><\/article><article class=\"post-1023 post type-post status-publish format-standard has-post-thumbnail hentry category-pepehsailboat category-veleiros tag-casco-de-aluminio-2 tag-kiribati-36 tag-pepehsailboat tag-pepehsailboat-2 tag-veleiro-36-pes-de-aluminio-2 has-link\" style=\"background-image:url('https:\/\/pepeh.com.br\/wp-content\/uploads\/2022\/03\/25-IMG_3870-150x150.jpg')\"><div class=\"lps-ontopof-overlay\"><a href=\"https:\/\/pepeh.com.br\/index.php\/2022\/03\/03\/022-nesting-e-corte-das-chapas-de-5-mm\/\" class=\"main-link read-more-wrap\" title=\"#022 - Nesting e Corte das Chapas de 5 mm\"><b class=\"item-title-tag\">#022 &#8211; Nesting e Corte das Chapas de 5 mm<\/b> <\/a><\/div><\/article><\/section><\/div>\n\n\n<h3 class=\"wp-block-heading\">Outros Posts<\/h3>\n\n\n\n<!-- WPFN: this News Widget is not initialized -->\n\n\n\n\n<div style=\"height:18px\" aria-hidden=\"true\" class=\"wp-block-spacer\"><\/div>\n\n\n\n<h3 class=\"wp-block-heading\">Canal Pepeh&#8217;Sailboat<\/h3>\n\n\n<p>[fts_youtube vid_count=4 large_vid=yes large_vid_title=no large_vid_description=no thumbs_play_in_iframe=yes vids_in_row=4 omit_first_thumbnail=no space_between_videos=10px force_columns=no maxres_thumbnail_images=yes thumbs_wrap_color=#e3e3e3 channel_id=UCLVxIoV2ZeHuzpVsrsFPT0A]<\/p>\n\n\n\n<h3 class=\"wp-block-heading\">Informa\u00e7\u00f5es e Dicas<\/h3>\n\n\n\n<div style=\"height:18px\" aria-hidden=\"true\" class=\"wp-block-spacer\"><\/div>\n\n\n\n<div class=\"wp-block-columns is-layout-flex wp-container-core-columns-layout-1 wp-block-columns-is-layout-flex\">\n<div class=\"wp-block-column categorias is-layout-flow wp-block-column-is-layout-flow\">\n<h4 class=\"wp-block-heading\"><strong>Pepeh&#8217;Sailboat<\/strong><\/h4>\n\n\n\n<figure class=\"wp-block-image size-full\"><a href=\"https:\/\/pepeh.com.br\/index.php\/category\/pepehsailboat\/\"><img loading=\"lazy\" decoding=\"async\" width=\"592\" height=\"780\" src=\"https:\/\/pepeh.com.br\/wp-content\/uploads\/2021\/09\/pepehsailboat.jpg\" alt=\"\" class=\"wp-image-722\" srcset=\"https:\/\/pepeh.com.br\/wp-content\/uploads\/2021\/09\/pepehsailboat.jpg 592w, https:\/\/pepeh.com.br\/wp-content\/uploads\/2021\/09\/pepehsailboat-228x300.jpg 228w\" sizes=\"(max-width: 592px) 100vw, 592px\" \/><\/a><\/figure>\n<\/div>\n\n\n\n<div class=\"wp-block-column categorias is-layout-flow wp-block-column-is-layout-flow\">\n<h4 class=\"wp-block-heading\"><strong>Eletr\u00f4nica e Informatica<\/strong><\/h4>\n\n\n\n<figure class=\"wp-block-image size-full\"><a href=\"https:\/\/pepeh.com.br\/index.php\/category\/eletronica\/\"><img loading=\"lazy\" decoding=\"async\" width=\"592\" height=\"780\" src=\"http:\/\/pepeh.com.br\/wp-content\/uploads\/2021\/09\/eletronica.jpg\" alt=\"\" class=\"wp-image-723\" srcset=\"https:\/\/pepeh.com.br\/wp-content\/uploads\/2021\/09\/eletronica.jpg 592w, https:\/\/pepeh.com.br\/wp-content\/uploads\/2021\/09\/eletronica-228x300.jpg 228w\" sizes=\"(max-width: 592px) 100vw, 592px\" \/><\/a><\/figure>\n<\/div>\n\n\n\n<div class=\"wp-block-column categorias is-layout-flow wp-block-column-is-layout-flow\">\n<h4 class=\"wp-block-heading\"><strong>Painel Solar<\/strong><\/h4>\n\n\n\n<figure class=\"wp-block-image size-full\"><a href=\"https:\/\/pepeh.com.br\/index.php\/category\/energia-solar\/\"><img loading=\"lazy\" decoding=\"async\" width=\"592\" height=\"780\" src=\"http:\/\/pepeh.com.br\/wp-content\/uploads\/2021\/09\/painel-solar.jpg\" alt=\"\" class=\"wp-image-727\" srcset=\"https:\/\/pepeh.com.br\/wp-content\/uploads\/2021\/09\/painel-solar.jpg 592w, https:\/\/pepeh.com.br\/wp-content\/uploads\/2021\/09\/painel-solar-228x300.jpg 228w\" sizes=\"(max-width: 592px) 100vw, 592px\" \/><\/a><\/figure>\n<\/div>\n\n\n\n<div class=\"wp-block-column categorias is-layout-flow wp-block-column-is-layout-flow\">\n<h4 class=\"wp-block-heading\"><strong>Viagem e Turismo<\/strong><\/h4>\n\n\n\n<figure class=\"wp-block-image size-full\"><a href=\"https:\/\/pepeh.com.br\/index.php\/category\/viagem-e-turismo\/\"><img loading=\"lazy\" decoding=\"async\" width=\"592\" height=\"780\" src=\"http:\/\/pepeh.com.br\/wp-content\/uploads\/2021\/09\/viagem.jpg\" alt=\"\" class=\"wp-image-729\" srcset=\"https:\/\/pepeh.com.br\/wp-content\/uploads\/2021\/09\/viagem.jpg 592w, https:\/\/pepeh.com.br\/wp-content\/uploads\/2021\/09\/viagem-228x300.jpg 228w\" sizes=\"(max-width: 592px) 100vw, 592px\" \/><\/a><\/figure>\n<\/div>\n<\/div>\n\n\n\n<div class=\"wp-block-columns is-layout-flex wp-container-core-columns-layout-2 wp-block-columns-is-layout-flex\">\n<div class=\"wp-block-column categorias is-layout-flow wp-block-column-is-layout-flow\">\n<h4 class=\"wp-block-heading\"><strong>JLYMT<\/strong><\/h4>\n\n\n\n<figure class=\"wp-block-image size-full\"><a href=\"https:\/\/pepeh.com.br\/index.php\/category\/jlymt\/\"><img loading=\"lazy\" decoding=\"async\" width=\"592\" height=\"780\" src=\"http:\/\/pepeh.com.br\/wp-content\/uploads\/2021\/09\/jlymt.jpg\" alt=\"\" class=\"wp-image-725\" srcset=\"https:\/\/pepeh.com.br\/wp-content\/uploads\/2021\/09\/jlymt.jpg 592w, https:\/\/pepeh.com.br\/wp-content\/uploads\/2021\/09\/jlymt-228x300.jpg 228w\" sizes=\"(max-width: 592px) 100vw, 592px\" \/><\/a><\/figure>\n<\/div>\n\n\n\n<div class=\"wp-block-column categorias is-layout-flow wp-block-column-is-layout-flow\">\n<h4 class=\"wp-block-heading\"><strong>Esportes<\/strong><\/h4>\n\n\n\n<figure class=\"wp-block-image size-full\"><a href=\"https:\/\/pepeh.com.br\/index.php\/category\/esportes\/\"><img loading=\"lazy\" decoding=\"async\" width=\"592\" height=\"780\" src=\"http:\/\/pepeh.com.br\/wp-content\/uploads\/2021\/09\/esportes.jpg\" alt=\"\" class=\"wp-image-724\" srcset=\"https:\/\/pepeh.com.br\/wp-content\/uploads\/2021\/09\/esportes.jpg 592w, https:\/\/pepeh.com.br\/wp-content\/uploads\/2021\/09\/esportes-228x300.jpg 228w\" sizes=\"(max-width: 592px) 100vw, 592px\" \/><\/a><\/figure>\n<\/div>\n\n\n\n<div class=\"wp-block-column categorias is-layout-flow wp-block-column-is-layout-flow\">\n<h4 class=\"wp-block-heading\"><strong>Veleiros<\/strong><\/h4>\n\n\n\n<figure class=\"wp-block-image size-full\"><a href=\"https:\/\/pepeh.com.br\/index.php\/category\/veleiros\/\"><img loading=\"lazy\" decoding=\"async\" width=\"592\" height=\"780\" src=\"http:\/\/pepeh.com.br\/wp-content\/uploads\/2021\/09\/veleiros.jpg\" alt=\"\" class=\"wp-image-728\" srcset=\"https:\/\/pepeh.com.br\/wp-content\/uploads\/2021\/09\/veleiros.jpg 592w, https:\/\/pepeh.com.br\/wp-content\/uploads\/2021\/09\/veleiros-228x300.jpg 228w\" sizes=\"(max-width: 592px) 100vw, 592px\" \/><\/a><\/figure>\n<\/div>\n\n\n\n<div class=\"wp-block-column categorias is-layout-flow wp-block-column-is-layout-flow\">\n<h4 class=\"wp-block-heading\"><strong>Marinha Mercante<\/strong><\/h4>\n\n\n\n<figure class=\"wp-block-image size-full\"><a href=\"https:\/\/pepeh.com.br\/index.php\/category\/marinha-mercante\/\"><img loading=\"lazy\" decoding=\"async\" width=\"592\" height=\"780\" src=\"http:\/\/pepeh.com.br\/wp-content\/uploads\/2021\/09\/marinha-mercnte.jpg\" alt=\"\" class=\"wp-image-726\" srcset=\"https:\/\/pepeh.com.br\/wp-content\/uploads\/2021\/09\/marinha-mercnte.jpg 592w, https:\/\/pepeh.com.br\/wp-content\/uploads\/2021\/09\/marinha-mercnte-228x300.jpg 228w\" sizes=\"(max-width: 592px) 100vw, 592px\" \/><\/a><\/figure>\n<\/div>\n<\/div>\n\n\n\n<ul class=\"wp-block-social-links has-icon-background-color is-style-pill-shape is-layout-flex wp-block-social-links-is-layout-flex\">\n\n\n\n<\/ul>\n","protected":false},"excerpt":{"rendered":"<p>\u00daltimas Postagens Outros Posts Canal Pepeh&#8217;Sailboat Informa\u00e7\u00f5es e Dicas Pepeh&#8217;Sailboat Eletr\u00f4nica e Informatica Painel Solar Viagem e Turismo JLYMT Esportes Veleiros Marinha Mercante<\/p>\n","protected":false},"author":1,"featured_media":0,"parent":0,"menu_order":0,"comment_status":"closed","ping_status":"closed","template":"page-templates\/page-with-right-sidebar.php","meta":{"footnotes":""},"_links":{"self":[{"href":"https:\/\/pepeh.com.br\/index.php\/wp-json\/wp\/v2\/pages\/530"}],"collection":[{"href":"https:\/\/pepeh.com.br\/index.php\/wp-json\/wp\/v2\/pages"}],"about":[{"href":"https:\/\/pepeh.com.br\/index.php\/wp-json\/wp\/v2\/types\/page"}],"author":[{"embeddable":true,"href":"https:\/\/pepeh.com.br\/index.php\/wp-json\/wp\/v2\/users\/1"}],"replies":[{"embeddable":true,"href":"https:\/\/pepeh.com.br\/index.php\/wp-json\/wp\/v2\/comments?post=530"}],"version-history":[{"count":54,"href":"https:\/\/pepeh.com.br\/index.php\/wp-json\/wp\/v2\/pages\/530\/revisions"}],"predecessor-version":[{"id":801,"href":"https:\/\/pepeh.com.br\/index.php\/wp-json\/wp\/v2\/pages\/530\/revisions\/801"}],"wp:attachment":[{"href":"https:\/\/pepeh.com.br\/index.php\/wp-json\/wp\/v2\/media?parent=530"}],"curies":[{"name":"wp","href":"https:\/\/api.w.org\/{rel}","templated":true}]}}