{"id":85,"date":"2020-05-26T15:00:08","date_gmt":"2020-05-26T15:00:08","guid":{"rendered":"http:\/\/pepeh.com.br\/?page_id=85"},"modified":"2020-05-28T16:44:31","modified_gmt":"2020-05-28T16:44:31","slug":"veleiros","status":"publish","type":"page","link":"https:\/\/pepeh.com.br\/index.php\/veleiros\/","title":{"rendered":"Veleiros"},"content":{"rendered":"<ul class=\"wp-block-latest-posts__list is-grid columns-3 wp-block-latest-posts\"><li><a class=\"wp-block-latest-posts__post-title\" href=\"https:\/\/pepeh.com.br\/index.php\/2025\/08\/18\/calculo-de-azimute-do-planeta-venus\/\">C\u00c1LCULO DE AZIMUTE DO PLANETA V\u00caNUS<\/a><div class=\"wp-block-latest-posts__post-excerpt\">Neste post mostro como calcular o Azimute do Plan\u00eata V\u00eanus, realizado a bordo de um&hellip; <br> <a class=\"read-more\" href=\"https:\/\/pepeh.com.br\/index.php\/2025\/08\/18\/calculo-de-azimute-do-planeta-venus\/\">Read more<\/a><\/div><\/li>\n<li><div class=\"wp-block-latest-posts__featured-image\"><img loading=\"lazy\" decoding=\"async\" width=\"150\" height=\"150\" src=\"https:\/\/pepeh.com.br\/wp-content\/uploads\/2022\/03\/Miniatura023b-150x150.png\" class=\"attachment-thumbnail size-thumbnail wp-post-image\" alt=\"\" style=\"\" \/><\/div><a class=\"wp-block-latest-posts__post-title\" href=\"https:\/\/pepeh.com.br\/index.php\/2022\/03\/10\/023-qualificacao-inspecao-certificacao-parte-01\/\">#023 Qualifica\u00e7\u00e3o Inspe\u00e7\u00e3o Certifica\u00e7\u00e3o &#8211; Parte 01<\/a><div class=\"wp-block-latest-posts__post-excerpt\">Ser\u00e1 apresentado neste v\u00eddeo de forma explanativa pelo presidente da Usinando sr. Fernando Vieira a&hellip; <br> <a class=\"read-more\" href=\"https:\/\/pepeh.com.br\/index.php\/2022\/03\/10\/023-qualificacao-inspecao-certificacao-parte-01\/\">Read more<\/a><\/div><\/li>\n<li><div class=\"wp-block-latest-posts__featured-image\"><img loading=\"lazy\" decoding=\"async\" width=\"150\" height=\"150\" src=\"https:\/\/pepeh.com.br\/wp-content\/uploads\/2022\/03\/google-cloud-cover-gray-wolf-storm-150x150.png\" class=\"attachment-thumbnail size-thumbnail wp-post-image\" alt=\"\" style=\"\" \/><\/div><a class=\"wp-block-latest-posts__post-title\" href=\"https:\/\/pepeh.com.br\/index.php\/2022\/03\/07\/meteorologia\/\">Meteorologia &#8211; dicas \u00fateis<\/a><div class=\"wp-block-latest-posts__post-excerpt\">Weather Forecasting, Storm Tactics &amp; Successful Cruising \u2013 Plus An Offer You Can\u2019t Refuse SetSail&hellip; <br> <a class=\"read-more\" href=\"https:\/\/pepeh.com.br\/index.php\/2022\/03\/07\/meteorologia\/\">Read more<\/a><\/div><\/li>\n<li><div class=\"wp-block-latest-posts__featured-image\"><img loading=\"lazy\" decoding=\"async\" width=\"150\" height=\"150\" src=\"https:\/\/pepeh.com.br\/wp-content\/uploads\/2022\/03\/25-IMG_3870-150x150.jpg\" class=\"attachment-thumbnail size-thumbnail wp-post-image\" alt=\"\" style=\"\" \/><\/div><a class=\"wp-block-latest-posts__post-title\" href=\"https:\/\/pepeh.com.br\/index.php\/2022\/03\/03\/022-nesting-e-corte-das-chapas-de-5-mm\/\">#022 &#8211; Nesting e Corte das Chapas de 5 mm<\/a><div class=\"wp-block-latest-posts__post-excerpt\">Neste v\u00eddeo faremos uma pequena reprise do primeiro Nesting realizado pelo Engenheiro de Produ\u00e7\u00e3o Jader&hellip; <br> <a class=\"read-more\" href=\"https:\/\/pepeh.com.br\/index.php\/2022\/03\/03\/022-nesting-e-corte-das-chapas-de-5-mm\/\">Read more<\/a><\/div><\/li>\n<li><div class=\"wp-block-latest-posts__featured-image\"><img loading=\"lazy\" decoding=\"async\" width=\"150\" height=\"150\" src=\"https:\/\/pepeh.com.br\/wp-content\/uploads\/2024\/01\/021-Condicao-atual2-150x150.png\" class=\"attachment-thumbnail size-thumbnail wp-post-image\" alt=\"\" style=\"\" \/><\/div><a class=\"wp-block-latest-posts__post-title\" href=\"https:\/\/pepeh.com.br\/index.php\/2022\/03\/02\/021-condicao-atual-da-construcao-do-casco-do-kiribati-36\/\">#021 Condi\u00e7\u00e3o atual da constru\u00e7\u00e3o do casco do Kiribati 36<\/a><div class=\"wp-block-latest-posts__post-excerpt\">Neste epis\u00f3dio mostraremos a condi\u00e7\u00e3o atual da constru\u00e7\u00e3o do casco do veleiro Kiribati 36, com&hellip; <br> <a class=\"read-more\" href=\"https:\/\/pepeh.com.br\/index.php\/2022\/03\/02\/021-condicao-atual-da-construcao-do-casco-do-kiribati-36\/\">Read more<\/a><\/div><\/li>\n<li><div class=\"wp-block-latest-posts__featured-image\"><img loading=\"lazy\" decoding=\"async\" width=\"150\" height=\"150\" src=\"https:\/\/pepeh.com.br\/wp-content\/uploads\/2022\/02\/IMG_2944-150x150.jpg\" class=\"attachment-thumbnail size-thumbnail wp-post-image\" alt=\"\" style=\"\" \/><\/div><a class=\"wp-block-latest-posts__post-title\" href=\"https:\/\/pepeh.com.br\/index.php\/2022\/02\/20\/020-inicio-da-soldagem-das-barras-chatas-nas-secoes\/\">#020-In\u00edcio da soldagem das barras chatas nas se\u00e7\u00f5es<\/a><div class=\"wp-block-latest-posts__post-excerpt\">Semana de in\u00edcio da soldagem das barras chatas de alum\u00ednio 5083 interligando as se\u00e7\u00f5es transversais&hellip; <br> <a class=\"read-more\" href=\"https:\/\/pepeh.com.br\/index.php\/2022\/02\/20\/020-inicio-da-soldagem-das-barras-chatas-nas-secoes\/\">Read more<\/a><\/div><\/li>\n<li><div class=\"wp-block-latest-posts__featured-image\"><img loading=\"lazy\" decoding=\"async\" width=\"150\" height=\"150\" src=\"https:\/\/pepeh.com.br\/wp-content\/uploads\/2022\/02\/018-Aguardando-as-barras-chatas2-150x150.png\" class=\"attachment-thumbnail size-thumbnail wp-post-image\" alt=\"\" style=\"\" \/><\/div><a class=\"wp-block-latest-posts__post-title\" href=\"https:\/\/pepeh.com.br\/index.php\/2022\/02\/10\/018-aguardando-as-barras-de-aluminio\/\">#018-Aguardando as barras de alum\u00ednio<\/a><div class=\"wp-block-latest-posts__post-excerpt\">Ap\u00f3s um breve per\u00edodo de afastamento, devido cirurgia nos meniscos dos dois joelhos, voltamos com&hellip; <br> <a class=\"read-more\" href=\"https:\/\/pepeh.com.br\/index.php\/2022\/02\/10\/018-aguardando-as-barras-de-aluminio\/\">Read more<\/a><\/div><\/li>\n<li><div class=\"wp-block-latest-posts__featured-image\"><img loading=\"lazy\" decoding=\"async\" width=\"150\" height=\"150\" src=\"https:\/\/pepeh.com.br\/wp-content\/uploads\/2021\/11\/IMG_6012-150x150.jpg\" class=\"attachment-thumbnail size-thumbnail wp-post-image\" alt=\"\" style=\"\" \/><\/div><a class=\"wp-block-latest-posts__post-title\" href=\"https:\/\/pepeh.com.br\/index.php\/2021\/12\/01\/017-e-o-corte-cnc-das-placas-de-aluminio-5083-continua\/\">#017 &#8211; E o corte CNC das placas de alum\u00ednio 5083 continua&#8230;<\/a><div class=\"wp-block-latest-posts__post-excerpt\">Continua na Usinando os cortes CNC das chapas de alum\u00ednio de 8mm para o casco&hellip; <br> <a class=\"read-more\" href=\"https:\/\/pepeh.com.br\/index.php\/2021\/12\/01\/017-e-o-corte-cnc-das-placas-de-aluminio-5083-continua\/\">Read more<\/a><\/div><\/li>\n<li><div class=\"wp-block-latest-posts__featured-image\"><img loading=\"lazy\" decoding=\"async\" width=\"150\" height=\"150\" src=\"https:\/\/pepeh.com.br\/wp-content\/uploads\/2021\/11\/IMG_5997-1-150x150.jpg\" class=\"attachment-thumbnail size-thumbnail wp-post-image\" alt=\"\" style=\"\" \/><\/div><a class=\"wp-block-latest-posts__post-title\" href=\"https:\/\/pepeh.com.br\/index.php\/2021\/11\/15\/016-e-o-aluminio-5083-entra-em-cena\/\">#016 &#8211; E o Alum\u00ednio 5083 entra em cena.<\/a><div class=\"wp-block-latest-posts__post-excerpt\">Neste epis\u00f3dio 016 dispon\u00edvel no canal Pepeh`Sailboat do Youtube, no link https:\/\/youtu.be\/2B_dGrIwX6s vamos ter a&hellip; <br> <a class=\"read-more\" href=\"https:\/\/pepeh.com.br\/index.php\/2021\/11\/15\/016-e-o-aluminio-5083-entra-em-cena\/\">Read more<\/a><\/div><\/li>\n<li><div class=\"wp-block-latest-posts__featured-image\"><img loading=\"lazy\" decoding=\"async\" width=\"150\" height=\"150\" src=\"https:\/\/pepeh.com.br\/wp-content\/uploads\/2021\/10\/Chapas-recebidas-150x150.jpg\" class=\"attachment-thumbnail size-thumbnail wp-post-image\" alt=\"\" style=\"\" \/><\/div><a class=\"wp-block-latest-posts__post-title\" href=\"https:\/\/pepeh.com.br\/index.php\/2021\/10\/23\/014-local-da-construcao-do-veleiro\/\">#014 &#8211; Chapas de Alum\u00ednio chegaram<\/a><div class=\"wp-block-latest-posts__post-excerpt\">Na visita \u00e0 Usinando em 23\/10\/2021, deparamo-nos com a campanha do Outubro Rosa ( cujo&hellip; <br> <a class=\"read-more\" href=\"https:\/\/pepeh.com.br\/index.php\/2021\/10\/23\/014-local-da-construcao-do-veleiro\/\">Read more<\/a><\/div><\/li>\n<li><div class=\"wp-block-latest-posts__featured-image\"><img loading=\"lazy\" decoding=\"async\" width=\"150\" height=\"150\" src=\"https:\/\/pepeh.com.br\/wp-content\/uploads\/2021\/08\/002-Desmembr-150x150.jpg\" class=\"attachment-thumbnail size-thumbnail wp-post-image\" alt=\"\" style=\"\" srcset=\"https:\/\/pepeh.com.br\/wp-content\/uploads\/2021\/08\/002-Desmembr-150x150.jpg 150w, https:\/\/pepeh.com.br\/wp-content\/uploads\/2021\/08\/002-Desmembr-165x165.jpg 165w\" sizes=\"(max-width: 150px) 100vw, 150px\" \/><\/div><a class=\"wp-block-latest-posts__post-title\" href=\"https:\/\/pepeh.com.br\/index.php\/2021\/08\/22\/011-construcao-do-veleiro-pepeh\/\">#011 &#8211; In\u00edcio da Constru\u00e7\u00e3o do veleiro Pepeh<\/a><div class=\"wp-block-latest-posts__post-excerpt\">Neste segundo v\u00eddeo do canal Pepeh`Sailboat ser\u00e1 feito o desmembramento dos itens agregados de corte&hellip; <br> <a class=\"read-more\" href=\"https:\/\/pepeh.com.br\/index.php\/2021\/08\/22\/011-construcao-do-veleiro-pepeh\/\">Read more<\/a><\/div><\/li>\n<li><div class=\"wp-block-latest-posts__featured-image\"><img loading=\"lazy\" decoding=\"async\" width=\"150\" height=\"150\" src=\"https:\/\/pepeh.com.br\/wp-content\/uploads\/2021\/08\/veleiro-delta-36-darwin-casal-sobrev-150x150.jpg\" class=\"attachment-thumbnail size-thumbnail wp-post-image\" alt=\"\" style=\"\" srcset=\"https:\/\/pepeh.com.br\/wp-content\/uploads\/2021\/08\/veleiro-delta-36-darwin-casal-sobrev-150x150.jpg 150w, https:\/\/pepeh.com.br\/wp-content\/uploads\/2021\/08\/veleiro-delta-36-darwin-casal-sobrev-165x165.jpg 165w\" sizes=\"(max-width: 150px) 100vw, 150px\" \/><\/div><a class=\"wp-block-latest-posts__post-title\" href=\"https:\/\/pepeh.com.br\/index.php\/2021\/08\/14\/links-de-relatos-de-naufragos-e-sobreviventes\/\">Links de relatos de n\u00e1ufragos e sobreviventes<\/a><div class=\"wp-block-latest-posts__post-excerpt\">Alguns relatos de naufr\u00e1gios<\/div><\/li>\n<li><div class=\"wp-block-latest-posts__featured-image\"><img loading=\"lazy\" decoding=\"async\" width=\"150\" height=\"150\" src=\"https:\/\/pepeh.com.br\/wp-content\/uploads\/2021\/08\/IMG_9242-150x150.jpg\" class=\"attachment-thumbnail size-thumbnail wp-post-image\" alt=\"\" style=\"\" srcset=\"https:\/\/pepeh.com.br\/wp-content\/uploads\/2021\/08\/IMG_9242-150x150.jpg 150w, https:\/\/pepeh.com.br\/wp-content\/uploads\/2021\/08\/IMG_9242-165x165.jpg 165w\" sizes=\"(max-width: 150px) 100vw, 150px\" \/><\/div><a class=\"wp-block-latest-posts__post-title\" href=\"https:\/\/pepeh.com.br\/index.php\/2021\/08\/12\/assinatura-do-contrato-para-construcao-veleiro\/\">#010-Assinatura do contrato para constru\u00e7\u00e3o de veleiro Kiribati 36 \/ Signing of the Contract &#8211; carried out on August, 12, 2021.<\/a><div class=\"wp-block-latest-posts__post-excerpt\">Assinatura do Contrato &#8211; realizada em 12\/08\/2021 Depois de in\u00fameras viagens e visitas a marinas,&hellip; <br> <a class=\"read-more\" href=\"https:\/\/pepeh.com.br\/index.php\/2021\/08\/12\/assinatura-do-contrato-para-construcao-veleiro\/\">Read more<\/a><\/div><\/li>\n<li><div class=\"wp-block-latest-posts__featured-image\"><img loading=\"lazy\" decoding=\"async\" width=\"150\" height=\"150\" src=\"https:\/\/pepeh.com.br\/wp-content\/uploads\/2021\/08\/IMG_E9275-150x150.jpg\" class=\"attachment-thumbnail size-thumbnail wp-post-image\" alt=\"\" style=\"\" srcset=\"https:\/\/pepeh.com.br\/wp-content\/uploads\/2021\/08\/IMG_E9275-150x150.jpg 150w, https:\/\/pepeh.com.br\/wp-content\/uploads\/2021\/08\/IMG_E9275-165x165.jpg 165w\" sizes=\"(max-width: 150px) 100vw, 150px\" \/><\/div><a class=\"wp-block-latest-posts__post-title\" href=\"https:\/\/pepeh.com.br\/index.php\/2021\/08\/09\/definicao-do-local-para-construcao-do-veleiro-kiribati-36\/\">#010-Defini\u00e7\u00e3o do local para constru\u00e7\u00e3o do veleiro Kiribati 36 \/Definition of the construction site for the Kiribati 36 sailboat.<\/a><div class=\"wp-block-latest-posts__post-excerpt\">Definido o formato do casco (monocasco ou catamar\u00e3, op\u00e7\u00e3o monocasco), o tipo de veleiro (regata&hellip; <br> <a class=\"read-more\" href=\"https:\/\/pepeh.com.br\/index.php\/2021\/08\/09\/definicao-do-local-para-construcao-do-veleiro-kiribati-36\/\">Read more<\/a><\/div><\/li>\n<li><div class=\"wp-block-latest-posts__featured-image\"><img loading=\"lazy\" decoding=\"async\" width=\"150\" height=\"150\" src=\"https:\/\/pepeh.com.br\/wp-content\/uploads\/2021\/08\/Viajando-150x150.jpg\" class=\"attachment-thumbnail size-thumbnail wp-post-image\" alt=\"\" style=\"\" srcset=\"https:\/\/pepeh.com.br\/wp-content\/uploads\/2021\/08\/Viajando-150x150.jpg 150w, https:\/\/pepeh.com.br\/wp-content\/uploads\/2021\/08\/Viajando-165x165.jpg 165w\" sizes=\"(max-width: 150px) 100vw, 150px\" \/><\/div><a class=\"wp-block-latest-posts__post-title\" href=\"https:\/\/pepeh.com.br\/index.php\/2021\/08\/09\/jornadas-para-conhecer-os-locais-onde-estavam-sendo-construidos-kiribati-36-no-brasil\/\">Jornadas para conhecer os locais onde estavam sendo constru\u00eddos Kiribati 36 no Brasil.<\/a><div class=\"wp-block-latest-posts__post-excerpt\">V\u00e1rios estaleiros foram visitados para definir qual seria o mais adequado para a constru\u00e7\u00e3o do&hellip; <br> <a class=\"read-more\" href=\"https:\/\/pepeh.com.br\/index.php\/2021\/08\/09\/jornadas-para-conhecer-os-locais-onde-estavam-sendo-construidos-kiribati-36-no-brasil\/\">Read more<\/a><\/div><\/li>\n<li><div class=\"wp-block-latest-posts__featured-image\"><img loading=\"lazy\" decoding=\"async\" width=\"150\" height=\"150\" src=\"https:\/\/pepeh.com.br\/wp-content\/uploads\/2021\/09\/pepehsailboat-150x150.jpg\" class=\"attachment-thumbnail size-thumbnail wp-post-image\" alt=\"\" style=\"\" \/><\/div><a class=\"wp-block-latest-posts__post-title\" href=\"https:\/\/pepeh.com.br\/index.php\/2021\/08\/09\/definindo-o-tipo-do-veleiro-de-cruzeiro\/\">Definindo o tipo do veleiro de cruzeiro.<\/a><div class=\"wp-block-latest-posts__post-excerpt\">Definido tipo de veleiro para veleiro de cruzeiro, o pr\u00f3ximo passo foi definir o tipo&hellip; <br> <a class=\"read-more\" href=\"https:\/\/pepeh.com.br\/index.php\/2021\/08\/09\/definindo-o-tipo-do-veleiro-de-cruzeiro\/\">Read more<\/a><\/div><\/li>\n<li><div class=\"wp-block-latest-posts__featured-image\"><img loading=\"lazy\" decoding=\"async\" width=\"150\" height=\"150\" src=\"https:\/\/pepeh.com.br\/wp-content\/uploads\/2021\/05\/DSC00285-150x150.jpg\" class=\"attachment-thumbnail size-thumbnail wp-post-image\" alt=\"\" style=\"\" srcset=\"https:\/\/pepeh.com.br\/wp-content\/uploads\/2021\/05\/DSC00285-150x150.jpg 150w, https:\/\/pepeh.com.br\/wp-content\/uploads\/2021\/05\/DSC00285-165x165.jpg 165w\" sizes=\"(max-width: 150px) 100vw, 150px\" \/><\/div><a class=\"wp-block-latest-posts__post-title\" href=\"https:\/\/pepeh.com.br\/index.php\/2021\/05\/24\/definindo-o-tipo-do-meu-veleiro\/\">Definindo o tipo do meu veleiro<\/a><div class=\"wp-block-latest-posts__post-excerpt\">Primeiro: definir os Objetivos do Veleiro, 1 &#8211; Objetivos do meu veleiro: Explora\u00e7\u00e3o oce\u00e2nica com&hellip; <br> <a class=\"read-more\" href=\"https:\/\/pepeh.com.br\/index.php\/2021\/05\/24\/definindo-o-tipo-do-meu-veleiro\/\">Read more<\/a><\/div><\/li>\n<li><div class=\"wp-block-latest-posts__featured-image\"><img loading=\"lazy\" decoding=\"async\" width=\"150\" height=\"150\" src=\"https:\/\/pepeh.com.br\/wp-content\/uploads\/2024\/01\/Windows-Media-Pl-150x150.png\" class=\"attachment-thumbnail size-thumbnail wp-post-image\" alt=\"\" style=\"\" \/><\/div><a class=\"wp-block-latest-posts__post-title\" href=\"https:\/\/pepeh.com.br\/index.php\/2021\/05\/23\/como-desinstalar-o-windows-media-player-no-windows-7\/\">Como Desinstalar o Windows Media Player no Windows 7<\/a><div class=\"wp-block-latest-posts__post-excerpt\">Desinstalando o Windows Media Player no Windows 7 Painel de Controle -&gt; Programas -&gt; Programas&hellip; <br> <a class=\"read-more\" href=\"https:\/\/pepeh.com.br\/index.php\/2021\/05\/23\/como-desinstalar-o-windows-media-player-no-windows-7\/\">Read more<\/a><\/div><\/li>\n<li><div class=\"wp-block-latest-posts__featured-image\"><img loading=\"lazy\" decoding=\"async\" width=\"150\" height=\"150\" src=\"https:\/\/pepeh.com.br\/wp-content\/uploads\/2021\/05\/Veleiro-Pepeh-01-150x150.jpg\" class=\"attachment-thumbnail size-thumbnail wp-post-image\" alt=\"\" style=\"\" srcset=\"https:\/\/pepeh.com.br\/wp-content\/uploads\/2021\/05\/Veleiro-Pepeh-01-150x150.jpg 150w, https:\/\/pepeh.com.br\/wp-content\/uploads\/2021\/05\/Veleiro-Pepeh-01-165x165.jpg 165w\" sizes=\"(max-width: 150px) 100vw, 150px\" \/><\/div><a class=\"wp-block-latest-posts__post-title\" href=\"https:\/\/pepeh.com.br\/index.php\/2021\/05\/23\/opcoes-para-a-aquisicao-do-meu-veleiro\/\">Op\u00e7\u00f5es para a aquisi\u00e7\u00e3o do meu veleiro<\/a><div class=\"wp-block-latest-posts__post-excerpt\">Analisando as diversas op\u00e7\u00f5es de aquisi\u00e7\u00e3o de veleiros listo as principais: 1 &#8211; Constru\u00e7\u00e3o por&hellip; <br> <a class=\"read-more\" href=\"https:\/\/pepeh.com.br\/index.php\/2021\/05\/23\/opcoes-para-a-aquisicao-do-meu-veleiro\/\">Read more<\/a><\/div><\/li>\n<li><div class=\"wp-block-latest-posts__featured-image\"><img loading=\"lazy\" decoding=\"async\" width=\"150\" height=\"150\" src=\"https:\/\/pepeh.com.br\/wp-content\/uploads\/2020\/05\/sunset-2949362_960_720-150x150.jpg\" class=\"attachment-thumbnail size-thumbnail wp-post-image\" alt=\"\" style=\"\" srcset=\"https:\/\/pepeh.com.br\/wp-content\/uploads\/2020\/05\/sunset-2949362_960_720-150x150.jpg 150w, https:\/\/pepeh.com.br\/wp-content\/uploads\/2020\/05\/sunset-2949362_960_720-165x165.jpg 165w\" sizes=\"(max-width: 150px) 100vw, 150px\" \/><\/div><a class=\"wp-block-latest-posts__post-title\" href=\"https:\/\/pepeh.com.br\/index.php\/2020\/05\/21\/dicas-sobre-veleiros\/\">Dicas sobre veleiros<\/a><div class=\"wp-block-latest-posts__post-excerpt\">Como velejar \u2013 Comprar um veleiro \u2013 Manuten\u00e7\u00e3o \u2013 Fotos Jeanneau \u2013 Hist\u00f3ria da vela \u2013 Meteorologia \u2013 Patr\u00e3o de Costa \u2013 Aulas de vela &#8211; navega\u00e7\u00e3o em mau tempo&#8230;<\/div><\/li>\n<\/ul>","protected":false},"excerpt":{"rendered":"","protected":false},"author":1,"featured_media":0,"parent":0,"menu_order":0,"comment_status":"closed","ping_status":"closed","template":"","meta":{"footnotes":""},"_links":{"self":[{"href":"https:\/\/pepeh.com.br\/index.php\/wp-json\/wp\/v2\/pages\/85"}],"collection":[{"href":"https:\/\/pepeh.com.br\/index.php\/wp-json\/wp\/v2\/pages"}],"about":[{"href":"https:\/\/pepeh.com.br\/index.php\/wp-json\/wp\/v2\/types\/page"}],"author":[{"embeddable":true,"href":"https:\/\/pepeh.com.br\/index.php\/wp-json\/wp\/v2\/users\/1"}],"replies":[{"embeddable":true,"href":"https:\/\/pepeh.com.br\/index.php\/wp-json\/wp\/v2\/comments?post=85"}],"version-history":[{"count":2,"href":"https:\/\/pepeh.com.br\/index.php\/wp-json\/wp\/v2\/pages\/85\/revisions"}],"predecessor-version":[{"id":121,"href":"https:\/\/pepeh.com.br\/index.php\/wp-json\/wp\/v2\/pages\/85\/revisions\/121"}],"wp:attachment":[{"href":"https:\/\/pepeh.com.br\/index.php\/wp-json\/wp\/v2\/media?parent=85"}],"curies":[{"name":"wp","href":"https:\/\/api.w.org\/{rel}","templated":true}]}}